{"id":237345,"date":"2022-02-22T09:41:37","date_gmt":"2022-02-22T09:41:37","guid":{"rendered":"http:\/\/hjtools.dk\/?page_id=237345"},"modified":"2024-07-04T07:03:20","modified_gmt":"2024-07-04T07:03:20","slug":"vakuumvaerktoej","status":"publish","type":"page","link":"https:\/\/hjtools.dk\/en\/vakuumvaerktoej\/","title":{"rendered":"Manufacture of vacuum tools"},"content":{"rendered":"<p>[et_pb_section fb_built=&#8221;1&#8243; _builder_version=&#8221;4.22.1&#8243; use_background_color_gradient=&#8221;on&#8221; background_color_gradient_stops=&#8221;rgba(13,31,53,0.29) 0%|rgba(13,31,53,0.24) 100%&#8221; background_color_gradient_overlays_image=&#8221;on&#8221; background_color_gradient_start=&#8221;rgba(13,31,53,0.29)&#8221; background_color_gradient_end=&#8221;rgba(13,31,53,0.24)&#8221; background_image=&#8221;http:\/\/hjtools.dk\/wp-content\/uploads\/2024\/07\/IMG_2091-scaled.jpg&#8221; custom_padding=&#8221;0px||66px||false|false&#8221; hover_enabled=&#8221;0&#8243; global_colors_info=&#8221;{}&#8221; title_text=&#8221;IMG_2091&#8243; sticky_enabled=&#8221;0&#8243;][et_pb_row use_custom_gutter=&#8221;on&#8221; gutter_width=&#8221;2&#8243; make_equal=&#8221;on&#8221; custom_padding_last_edited=&#8221;on|phone&#8221; _builder_version=&#8221;4.16&#8243; width=&#8221;90%&#8221; width_tablet=&#8221;90%&#8221; width_phone=&#8221;90%&#8221; width_last_edited=&#8221;on|tablet&#8221; max_width=&#8221;1170px&#8221; max_width_tablet=&#8221;90%&#8221; max_width_phone=&#8221;90%&#8221; max_width_last_edited=&#8221;on|desktop&#8221; custom_padding=&#8221;11vh||0vh||false|false&#8221; custom_padding_tablet=&#8221;15vh||15vh||true|false&#8221; custom_padding_phone=&#8221;13vh||13vh||true|false&#8221; animation_style=&#8221;slide&#8221; animation_direction=&#8221;top&#8221; animation_duration=&#8221;1500ms&#8221; global_colors_info=&#8221;{}&#8221;][et_pb_column type=&#8221;4_4&#8243; _builder_version=&#8221;4.16&#8243; global_colors_info=&#8221;{}&#8221;][et_pb_text _builder_version=&#8221;4.16&#8243; header_font=&#8221;Bebas Neue||||||||&#8221; header_text_align=&#8221;left&#8221; header_text_color=&#8221;#FFFFFF&#8221; header_font_size=&#8221;95px&#8221; header_line_height=&#8221;95px&#8221; header_2_font=&#8221;Bebas Neue||||||||&#8221; header_2_text_align=&#8221;left&#8221; header_2_font_size=&#8221;95px&#8221; header_2_line_height=&#8221;95px&#8221; header_3_font=&#8221;Bebas Neue||||||||&#8221; header_3_text_align=&#8221;left&#8221; header_3_font_size=&#8221;95px&#8221; header_3_line_height=&#8221;95px&#8221; header_4_font=&#8221;Bebas Neue||||||||&#8221; header_4_text_align=&#8221;left&#8221; header_4_font_size=&#8221;95px&#8221; header_4_line_height=&#8221;95px&#8221; header_5_font=&#8221;Bebas Neue||||||||&#8221; header_5_text_align=&#8221;left&#8221; header_5_font_size=&#8221;95px&#8221; header_5_line_height=&#8221;95px&#8221; header_6_font=&#8221;Bebas Neue||||||||&#8221; header_6_text_align=&#8221;left&#8221; header_6_font_size=&#8221;95px&#8221; header_6_line_height=&#8221;95px&#8221; custom_margin=&#8221;25px||||false|false&#8221; custom_margin_tablet=&#8221;-10px||||false|false&#8221; custom_margin_phone=&#8221;-10px||||false|false&#8221; custom_margin_last_edited=&#8221;on|phone&#8221; global_colors_info=&#8221;{}&#8221;]<\/p>\n<h1>Vakuumv\u00e6rkt\u00f8j<\/h1>\n<p>[\/et_pb_text][\/et_pb_column][\/et_pb_row][\/et_pb_section][et_pb_section fb_built=&#8221;1&#8243; _builder_version=&#8221;4.16&#8243; background_color=&#8221;#FFFFFF&#8221; custom_padding=&#8221;1px||120px||false|false&#8221; global_colors_info=&#8221;{}&#8221;][et_pb_row column_structure=&#8221;1_2,1_2&#8243; use_custom_gutter=&#8221;on&#8221; gutter_width=&#8221;2&#8243; make_equal=&#8221;on&#8221; custom_padding_last_edited=&#8221;on|tablet&#8221; _builder_version=&#8221;4.16&#8243; width=&#8221;90%&#8221; width_tablet=&#8221;90%&#8221; width_phone=&#8221;90%&#8221; width_last_edited=&#8221;on|tablet&#8221; max_width=&#8221;1170px&#8221; max_width_tablet=&#8221;90%&#8221; max_width_phone=&#8221;90%&#8221; max_width_last_edited=&#8221;on|desktop&#8221; custom_padding=&#8221;120px||0px|||&#8221; custom_padding_tablet=&#8221;120px|35px|0px|35px|false|false&#8221; custom_padding_phone=&#8221;|0px||0px|false|false&#8221; global_colors_info=&#8221;{}&#8221;][et_pb_column type=&#8221;1_2&#8243; _builder_version=&#8221;4.16&#8243; custom_padding=&#8221;||||false|false&#8221; custom_padding_tablet=&#8221;0px||35px||false|false&#8221; custom_padding_phone=&#8221;0px||0px||false|false&#8221; custom_padding_last_edited=&#8221;on|phone&#8221; global_colors_info=&#8221;{}&#8221;][et_pb_text _builder_version=&#8221;4.16&#8243; header_3_font=&#8221;Bebas Neue||||||||&#8221; header_3_text_align=&#8221;left&#8221; header_3_text_color=&#8221;#282828&#8243; header_3_font_size=&#8221;60px&#8221; header_3_line_height=&#8221;1.1em&#8221; custom_margin_tablet=&#8221;-10px||||false|false&#8221; custom_margin_phone=&#8221;-10px||||false|false&#8221; custom_margin_last_edited=&#8221;on|phone&#8221; header_3_font_size_tablet=&#8221;&#8221; header_3_font_size_phone=&#8221;30px&#8221; header_3_font_size_last_edited=&#8221;on|phone&#8221; locked=&#8221;off&#8221; global_colors_info=&#8221;{}&#8221;]<\/p>\n<h3>Fremstilling af <span style=\"color: #2f2c82;\">vakuumv\u00e6rkt\u00f8j<\/span><\/h3>\n<p>[\/et_pb_text][et_pb_text _builder_version=&#8221;4.16&#8243; text_font=&#8221;Rajdhani|500|||||||&#8221; text_text_color=&#8221;#282828&#8243; text_font_size=&#8221;18px&#8221; text_line_height=&#8221;29px&#8221; link_font=&#8221;|700|||||||&#8221; link_text_color=&#8221;#DD631A&#8221; max_width=&#8221;443px&#8221; module_alignment=&#8221;left&#8221; custom_margin=&#8221;-5px||||false|false&#8221; custom_margin_tablet=&#8221;-15px||||false|false&#8221; custom_margin_phone=&#8221;-15px||||false|false&#8221; custom_margin_last_edited=&#8221;on|phone&#8221; locked=&#8221;off&#8221; global_colors_info=&#8221;{}&#8221;]<\/p>\n<p>Hos HJtools finder du erfarne specialister til fremstilling af vakuumv\u00e6rkt\u00f8j. Vi st\u00e5r altid klar til at hj\u00e6lpe vores kunder med fremstilling af vakuumv\u00e6rkt\u00f8j i topkvalitet. Vi fremstiller de vakuumformede emner til alle vores kunder og leverer hurtigt. Har du sp\u00f8rgsm\u00e5l til fremstillingen, er du altid velkommen til at kontakte os.<\/p>\n<p>Du kan kontakte os p\u00e5 telefon, vores kontaktformular eller ved at sende os en mail. Vi sidder altid klar til at hj\u00e6lpe dig med sp\u00f8rgsm\u00e5l og naturligvis fremstilling af det helt rette vakuumv\u00e6rkt\u00f8j.<\/p>\n<p>[\/et_pb_text][\/et_pb_column][et_pb_column type=&#8221;1_2&#8243; _builder_version=&#8221;4.16&#8243; background_image=&#8221;http:\/\/hjtools.dk\/wp-content\/uploads\/2022\/02\/MG_9766-scaled.jpg&#8221; custom_padding_tablet=&#8221;&#8221; custom_padding_phone=&#8221;|35px||35px|false|true&#8221; custom_padding_last_edited=&#8221;on|phone&#8221; global_colors_info=&#8221;{}&#8221;][\/et_pb_column][\/et_pb_row][et_pb_row column_structure=&#8221;1_2,1_2&#8243; use_custom_gutter=&#8221;on&#8221; gutter_width=&#8221;2&#8243; make_equal=&#8221;on&#8221; custom_padding_last_edited=&#8221;on|tablet&#8221; _builder_version=&#8221;4.16&#8243; width=&#8221;90%&#8221; width_tablet=&#8221;90%&#8221; width_phone=&#8221;90%&#8221; width_last_edited=&#8221;on|tablet&#8221; max_width=&#8221;1170px&#8221; max_width_tablet=&#8221;90%&#8221; max_width_phone=&#8221;90%&#8221; max_width_last_edited=&#8221;on|desktop&#8221; custom_padding=&#8221;120px||0px|||&#8221; custom_padding_tablet=&#8221;120px|35px|0px|35px|false|false&#8221; custom_padding_phone=&#8221;|0px||0px|false|false&#8221; global_colors_info=&#8221;{}&#8221;][et_pb_column type=&#8221;1_2&#8243; _builder_version=&#8221;4.16&#8243; background_image=&#8221;http:\/\/hjtools.dk\/wp-content\/uploads\/2022\/02\/MG_9760-scaled.jpg&#8221; custom_padding_tablet=&#8221;&#8221; custom_padding_phone=&#8221;|35px||35px|false|true&#8221; custom_padding_last_edited=&#8221;on|phone&#8221; global_colors_info=&#8221;{}&#8221;][\/et_pb_column][et_pb_column type=&#8221;1_2&#8243; _builder_version=&#8221;4.16&#8243; custom_padding=&#8221;||||false|false&#8221; custom_padding_tablet=&#8221;0px||35px||false|false&#8221; custom_padding_phone=&#8221;0px||0px||false|false&#8221; custom_padding_last_edited=&#8221;on|phone&#8221; global_colors_info=&#8221;{}&#8221;][et_pb_text _builder_version=&#8221;4.16&#8243; header_3_font=&#8221;Bebas Neue||||||||&#8221; header_3_text_align=&#8221;left&#8221; header_3_text_color=&#8221;#282828&#8243; header_3_font_size=&#8221;60px&#8221; header_3_line_height=&#8221;1.1em&#8221; custom_margin_tablet=&#8221;-10px||||false|false&#8221; custom_margin_phone=&#8221;-10px||||false|false&#8221; custom_margin_last_edited=&#8221;on|phone&#8221; header_3_font_size_tablet=&#8221;&#8221; header_3_font_size_phone=&#8221;30px&#8221; header_3_font_size_last_edited=&#8221;on|phone&#8221; locked=&#8221;off&#8221; global_colors_info=&#8221;{}&#8221;]<\/p>\n<h3>Det bedste <span style=\"color: #2f2c82;\">vakuumv\u00e6rkt\u00f8j <br \/><\/span>i branchen<\/h3>\n<p>[\/et_pb_text][et_pb_text _builder_version=&#8221;4.16&#8243; text_font=&#8221;Rajdhani|500|||||||&#8221; text_text_color=&#8221;#282828&#8243; text_font_size=&#8221;18px&#8221; text_line_height=&#8221;29px&#8221; link_font=&#8221;|700|||||||&#8221; link_text_color=&#8221;#DD631A&#8221; max_width=&#8221;443px&#8221; module_alignment=&#8221;left&#8221; custom_margin=&#8221;-5px||||false|false&#8221; custom_margin_tablet=&#8221;-15px||||false|false&#8221; custom_margin_phone=&#8221;-15px||||false|false&#8221; custom_margin_last_edited=&#8221;on|phone&#8221; locked=&#8221;off&#8221; global_colors_info=&#8221;{}&#8221;]<\/p>\n<p>Vi fremstiller vakuumv\u00e6rkt\u00f8j i forskellige tykkelser og dimensioner, s\u00e5 de passer til dine \u00f8nsker. Derfor kan du med sikkerhed f\u00e5 vakuumv\u00e6rkt\u00f8j, der opfylder dine krav. Er du i tvivl, om vi kan opfylde dit krav til v\u00e6rkt\u00f8jet, er du altid meget velkommen til at kontakte os. P\u00e5 den m\u00e5de f\u00e5r du mere information, og vi kan etablere et t\u00e6t samarbejde allerede fra dag et.<\/p>\n<p>Her hos HJtools kan du f\u00e5 vakuumv\u00e6rkt\u00f8j med flere kaviteter eller st\u00f8rre v\u00e6rkt\u00f8jer med en kavitet. Vi fors\u00f8ger altid at skabe pr\u00e6cis det v\u00e6rkt\u00f8j, vores kunder leder efter. Det kan v\u00e6re alt fra almindelige vakuumv\u00e6rkt\u00f8jer til avancerede vakuumv\u00e6rkt\u00f8jer.<\/p>\n<p>Kontakt os allerede i dag, s\u00e5 vi kan give dig et tilbud p\u00e5 dine n\u00e6ste vakuumv\u00e6rkt\u00f8jer. Det g\u00e6lder b\u00e5de helt sm\u00e5 emner og st\u00f8rre v\u00e6rkt\u00f8jer. Med vores mange \u00e5r i branchen f\u00e5r du branchens bedste vakuumv\u00e6rkt\u00f8j. Derudover f\u00e5r du den bedste r\u00e5dgivning om materialevalg og selve produktet, s\u00e5 du f\u00e5r det helt rette vakuumprodukt.<\/p>\n<p>[\/et_pb_text][\/et_pb_column][\/et_pb_row][\/et_pb_section]<\/p>\n","protected":false},"excerpt":{"rendered":"<p>Vakuumv\u00e6rkt\u00f8jFremstilling af vakuumv\u00e6rkt\u00f8jHos HJtools finder du erfarne specialister til fremstilling af vakuumv\u00e6rkt\u00f8j. Vi st\u00e5r altid klar til at hj\u00e6lpe vores kunder med fremstilling af vakuumv\u00e6rkt\u00f8j i topkvalitet. Vi fremstiller de vakuumformede emner til alle vores kunder og leverer hurtigt. Har du sp\u00f8rgsm\u00e5l til fremstillingen, er du altid velkommen til at kontakte os. Du kan kontakte os p\u00e5 telefon, vores kontaktformular eller ved at sende os en mail. Vi sidder altid klar til at hj\u00e6lpe dig med sp\u00f8rgsm\u00e5l og naturligvis fremstilling af det helt rette vakuumv\u00e6rkt\u00f8j.Det bedste vakuumv\u00e6rkt\u00f8j i branchenVi fremstiller vakuumv\u00e6rkt\u00f8j i forskellige tykkelser og dimensioner, s\u00e5 de passer til dine \u00f8nsker. Derfor kan du med sikkerhed f\u00e5 vakuumv\u00e6rkt\u00f8j, der opfylder dine krav. Er du i tvivl, om vi kan opfylde dit krav til v\u00e6rkt\u00f8jet, er du altid meget velkommen til at kontakte os. P\u00e5 den m\u00e5de f\u00e5r du mere information, og vi kan etablere et t\u00e6t samarbejde allerede fra dag et. Her hos HJtools kan du f\u00e5 vakuumv\u00e6rkt\u00f8j med flere kaviteter eller st\u00f8rre v\u00e6rkt\u00f8jer med en kavitet. Vi fors\u00f8ger altid at skabe pr\u00e6cis det v\u00e6rkt\u00f8j, vores kunder leder efter. Det kan v\u00e6re alt fra almindelige vakuumv\u00e6rkt\u00f8jer til avancerede vakuumv\u00e6rkt\u00f8jer. Kontakt os allerede i dag, s\u00e5 vi kan give dig [&hellip;]<\/p>\n","protected":false},"author":1,"featured_media":0,"parent":0,"menu_order":0,"comment_status":"closed","ping_status":"closed","template":"","meta":{"_et_pb_use_builder":"on","_et_pb_old_content":"","_et_gb_content_width":"","footnotes":""},"class_list":["post-237345","page","type-page","status-publish","hentry"],"_links":{"self":[{"href":"https:\/\/hjtools.dk\/en\/wp-json\/wp\/v2\/pages\/237345","targetHints":{"allow":["GET"]}}],"collection":[{"href":"https:\/\/hjtools.dk\/en\/wp-json\/wp\/v2\/pages"}],"about":[{"href":"https:\/\/hjtools.dk\/en\/wp-json\/wp\/v2\/types\/page"}],"author":[{"embeddable":true,"href":"https:\/\/hjtools.dk\/en\/wp-json\/wp\/v2\/users\/1"}],"replies":[{"embeddable":true,"href":"https:\/\/hjtools.dk\/en\/wp-json\/wp\/v2\/comments?post=237345"}],"version-history":[{"count":8,"href":"https:\/\/hjtools.dk\/en\/wp-json\/wp\/v2\/pages\/237345\/revisions"}],"predecessor-version":[{"id":237539,"href":"https:\/\/hjtools.dk\/en\/wp-json\/wp\/v2\/pages\/237345\/revisions\/237539"}],"wp:attachment":[{"href":"https:\/\/hjtools.dk\/en\/wp-json\/wp\/v2\/media?parent=237345"}],"curies":[{"name":"wp","href":"https:\/\/api.w.org\/{rel}","templated":true}]}}