{"id":237342,"date":"2022-02-22T09:38:27","date_gmt":"2022-02-22T09:38:27","guid":{"rendered":"http:\/\/hjtools.dk\/?page_id=237342"},"modified":"2026-01-30T09:33:52","modified_gmt":"2026-01-30T09:33:52","slug":"service-og-reparation","status":"publish","type":"page","link":"https:\/\/hjtools.dk\/en\/service-og-reparation\/","title":{"rendered":"Service and repair"},"content":{"rendered":"<p>[et_pb_section fb_built=&#8221;1&#8243; _builder_version=&#8221;4.16&#8243; use_background_color_gradient=&#8221;on&#8221; background_color_gradient_stops=&#8221;rgba(13,31,53,0.29) 0%|rgba(13,31,53,0.24) 100%&#8221; background_color_gradient_overlays_image=&#8221;on&#8221; background_color_gradient_start=&#8221;rgba(13,31,53,0.29)&#8221; background_color_gradient_end=&#8221;rgba(13,31,53,0.24)&#8221; background_image=&#8221;http:\/\/hjtools.dk\/wp-content\/uploads\/2022\/02\/MG_9866-scaled.jpg&#8221; background_position=&#8221;bottom_center&#8221; custom_padding=&#8221;0px||66px||false|false&#8221; global_colors_info=&#8221;{}&#8221;][et_pb_row use_custom_gutter=&#8221;on&#8221; gutter_width=&#8221;2&#8243; make_equal=&#8221;on&#8221; custom_padding_last_edited=&#8221;on|phone&#8221; _builder_version=&#8221;4.16&#8243; width=&#8221;90%&#8221; width_tablet=&#8221;90%&#8221; width_phone=&#8221;90%&#8221; width_last_edited=&#8221;on|tablet&#8221; max_width=&#8221;1170px&#8221; max_width_tablet=&#8221;90%&#8221; max_width_phone=&#8221;90%&#8221; max_width_last_edited=&#8221;on|desktop&#8221; custom_padding=&#8221;11vh||0vh||false|false&#8221; custom_padding_tablet=&#8221;15vh||15vh||true|false&#8221; custom_padding_phone=&#8221;13vh||13vh||true|false&#8221; animation_style=&#8221;slide&#8221; animation_direction=&#8221;top&#8221; animation_duration=&#8221;1500ms&#8221; global_colors_info=&#8221;{}&#8221;][et_pb_column type=&#8221;4_4&#8243; _builder_version=&#8221;4.16&#8243; global_colors_info=&#8221;{}&#8221;][et_pb_text _builder_version=&#8221;4.16&#8243; header_font=&#8221;Bebas Neue||||||||&#8221; header_text_align=&#8221;left&#8221; header_text_color=&#8221;#FFFFFF&#8221; header_font_size=&#8221;95px&#8221; header_line_height=&#8221;95px&#8221; header_2_font=&#8221;Bebas Neue||||||||&#8221; header_2_text_align=&#8221;left&#8221; header_2_font_size=&#8221;95px&#8221; header_2_line_height=&#8221;95px&#8221; header_3_font=&#8221;Bebas Neue||||||||&#8221; header_3_text_align=&#8221;left&#8221; header_3_font_size=&#8221;95px&#8221; header_3_line_height=&#8221;95px&#8221; header_4_font=&#8221;Bebas Neue||||||||&#8221; header_4_text_align=&#8221;left&#8221; header_4_font_size=&#8221;95px&#8221; header_4_line_height=&#8221;95px&#8221; header_5_font=&#8221;Bebas Neue||||||||&#8221; header_5_text_align=&#8221;left&#8221; header_5_font_size=&#8221;95px&#8221; header_5_line_height=&#8221;95px&#8221; header_6_font=&#8221;Bebas Neue||||||||&#8221; header_6_text_align=&#8221;left&#8221; header_6_font_size=&#8221;95px&#8221; header_6_line_height=&#8221;95px&#8221; custom_margin=&#8221;25px||||false|false&#8221; custom_margin_tablet=&#8221;-10px||||false|false&#8221; custom_margin_phone=&#8221;-10px||||false|false&#8221; custom_margin_last_edited=&#8221;on|phone&#8221; global_colors_info=&#8221;{}&#8221;]<\/p>\n<h1>Service og reparation<o:p><\/o:p><\/h1>\n<p>[\/et_pb_text][\/et_pb_column][\/et_pb_row][\/et_pb_section][et_pb_section fb_built=&#8221;1&#8243; _builder_version=&#8221;4.16&#8243; background_color=&#8221;#FFFFFF&#8221; custom_padding=&#8221;1px||120px||false|false&#8221; global_colors_info=&#8221;{}&#8221;][et_pb_row column_structure=&#8221;1_2,1_2&#8243; use_custom_gutter=&#8221;on&#8221; gutter_width=&#8221;2&#8243; make_equal=&#8221;on&#8221; custom_padding_last_edited=&#8221;on|tablet&#8221; _builder_version=&#8221;4.16&#8243; width=&#8221;90%&#8221; width_tablet=&#8221;90%&#8221; width_phone=&#8221;90%&#8221; width_last_edited=&#8221;on|tablet&#8221; max_width=&#8221;1170px&#8221; max_width_tablet=&#8221;90%&#8221; max_width_phone=&#8221;90%&#8221; max_width_last_edited=&#8221;on|desktop&#8221; custom_padding=&#8221;120px||0px|||&#8221; custom_padding_tablet=&#8221;120px|35px|0px|35px|false|false&#8221; custom_padding_phone=&#8221;|0px||0px|false|false&#8221; global_colors_info=&#8221;{}&#8221;][et_pb_column type=&#8221;1_2&#8243; _builder_version=&#8221;4.16&#8243; custom_padding=&#8221;||||false|false&#8221; custom_padding_tablet=&#8221;0px||35px||false|false&#8221; custom_padding_phone=&#8221;0px||0px||false|false&#8221; custom_padding_last_edited=&#8221;on|phone&#8221; global_colors_info=&#8221;{}&#8221;][et_pb_text _builder_version=&#8221;4.16&#8243; header_3_font=&#8221;Bebas Neue||||||||&#8221; header_3_text_align=&#8221;left&#8221; header_3_text_color=&#8221;#282828&#8243; header_3_font_size=&#8221;60px&#8221; header_3_line_height=&#8221;1.1em&#8221; custom_margin_tablet=&#8221;-10px||||false|false&#8221; custom_margin_phone=&#8221;-10px||||false|false&#8221; custom_margin_last_edited=&#8221;on|phone&#8221; header_3_font_size_tablet=&#8221;&#8221; header_3_font_size_phone=&#8221;30px&#8221; header_3_font_size_last_edited=&#8221;on|phone&#8221; locked=&#8221;off&#8221; global_colors_info=&#8221;{}&#8221;]<\/p>\n<h3>Service og<span style=\"color: #2f2c82;\">\u00a0reparation<\/span><\/h3>\n<p>[\/et_pb_text][et_pb_text _builder_version=&#8221;4.16&#8243; text_font=&#8221;Rajdhani|500|||||||&#8221; text_text_color=&#8221;#282828&#8243; text_font_size=&#8221;18px&#8221; text_line_height=&#8221;29px&#8221; link_font=&#8221;|700|||||||&#8221; link_text_color=&#8221;#DD631A&#8221; max_width=&#8221;443px&#8221; module_alignment=&#8221;left&#8221; custom_margin=&#8221;-5px||||false|false&#8221; custom_margin_tablet=&#8221;-15px||||false|false&#8221; custom_margin_phone=&#8221;-15px||||false|false&#8221; custom_margin_last_edited=&#8221;on|phone&#8221; locked=&#8221;off&#8221; global_colors_info=&#8221;{}&#8221;]<\/p>\n<p>Har du f\u00e5et et EPS- eller EPP-v\u00e6rkt\u00f8j hos HJtools, og har du f\u00e5et problemer med det? Eller er det et helt andet v\u00e6rkt\u00f8j, du skal have lavet service eller reparation p\u00e5? S\u00e5 t\u00f8v endelig ikke med at kontakte os. Vi tilbyder nemlig ogs\u00e5 service og reparationer af EPS- og EPP-v\u00e6rkt\u00f8jer og forme.<\/p>\n<p>Vores v\u00e6rkt\u00f8jer og forme er i branchens bedste kvalitet, s\u00e5 de skulle gerne kunne holde l\u00e6nge. Det kr\u00e6ver dog alligevel service en gang imellem, og det st\u00e5r vi ogs\u00e5 gerne for. Vi har selv reservedele til de forme, som du skal bruge, s\u00e5 det er bestemt ikke noget problem.<\/p>\n<p>[\/et_pb_text][\/et_pb_column][et_pb_column type=&#8221;1_2&#8243; _builder_version=&#8221;4.16&#8243; background_image=&#8221;http:\/\/hjtools.dk\/wp-content\/uploads\/2022\/02\/MG_9737-scaled.jpg&#8221; custom_padding_tablet=&#8221;&#8221; custom_padding_phone=&#8221;|35px||35px|false|true&#8221; custom_padding_last_edited=&#8221;on|phone&#8221; global_colors_info=&#8221;{}&#8221;][\/et_pb_column][\/et_pb_row][et_pb_row column_structure=&#8221;1_2,1_2&#8243; use_custom_gutter=&#8221;on&#8221; gutter_width=&#8221;2&#8243; make_equal=&#8221;on&#8221; custom_padding_last_edited=&#8221;on|tablet&#8221; _builder_version=&#8221;4.16&#8243; width=&#8221;90%&#8221; width_tablet=&#8221;90%&#8221; width_phone=&#8221;90%&#8221; width_last_edited=&#8221;on|tablet&#8221; max_width=&#8221;1170px&#8221; max_width_tablet=&#8221;90%&#8221; max_width_phone=&#8221;90%&#8221; max_width_last_edited=&#8221;on|desktop&#8221; custom_padding=&#8221;120px||0px|||&#8221; custom_padding_tablet=&#8221;120px|35px|0px|35px|false|false&#8221; custom_padding_phone=&#8221;|0px||0px|false|false&#8221; hover_enabled=&#8221;0&#8243; global_colors_info=&#8221;{}&#8221; sticky_enabled=&#8221;0&#8243;][et_pb_column type=&#8221;1_2&#8243; _builder_version=&#8221;4.22.1&#8243; background_image=&#8221;http:\/\/hjtools.dk\/wp-content\/uploads\/2026\/01\/Dampkammer-768&#215;1024.jpg&#8221; custom_padding_tablet=&#8221;&#8221; custom_padding_phone=&#8221;|35px||35px|false|true&#8221; custom_padding_last_edited=&#8221;on|phone&#8221; hover_enabled=&#8221;0&#8243; global_colors_info=&#8221;{}&#8221; title_text=&#8221;Dampkammer&#8221; sticky_enabled=&#8221;0&#8243;][\/et_pb_column][et_pb_column type=&#8221;1_2&#8243; _builder_version=&#8221;4.16&#8243; custom_padding=&#8221;||||false|false&#8221; custom_padding_tablet=&#8221;0px||35px||false|false&#8221; custom_padding_phone=&#8221;0px||0px||false|false&#8221; custom_padding_last_edited=&#8221;on|phone&#8221; global_colors_info=&#8221;{}&#8221;][et_pb_text _builder_version=&#8221;4.22.1&#8243; header_3_font=&#8221;Bebas Neue||||||||&#8221; header_3_text_align=&#8221;left&#8221; header_3_text_color=&#8221;#282828&#8243; header_3_font_size=&#8221;60px&#8221; header_3_line_height=&#8221;1.1em&#8221; custom_margin_tablet=&#8221;-10px||||false|false&#8221; custom_margin_phone=&#8221;-10px||||false|false&#8221; custom_margin_last_edited=&#8221;on|phone&#8221; header_3_font_size_tablet=&#8221;&#8221; header_3_font_size_phone=&#8221;30px&#8221; header_3_font_size_last_edited=&#8221;on|phone&#8221; locked=&#8221;off&#8221; global_colors_info=&#8221;{}&#8221;]<\/p>\n<h3>Reparation og service <span style=\"color: #2f2c82;\">Baseret p\u00e5 faglig viden og stor erfaring<br \/><\/span><\/h3>\n<p>[\/et_pb_text][et_pb_text _builder_version=&#8221;4.16&#8243; text_font=&#8221;Rajdhani|500|||||||&#8221; text_text_color=&#8221;#282828&#8243; text_font_size=&#8221;18px&#8221; text_line_height=&#8221;29px&#8221; link_font=&#8221;|700|||||||&#8221; link_text_color=&#8221;#DD631A&#8221; max_width=&#8221;443px&#8221; module_alignment=&#8221;left&#8221; custom_margin=&#8221;-5px||||false|false&#8221; custom_margin_tablet=&#8221;-15px||||false|false&#8221; custom_margin_phone=&#8221;-15px||||false|false&#8221; custom_margin_last_edited=&#8221;on|phone&#8221; locked=&#8221;off&#8221; global_colors_info=&#8221;{}&#8221;]<\/p>\n<p>Vi har mere end 30 \u00e5rs erfaring i branchen, og derfor f\u00e5r du reparationer og service p\u00e5 dit EPS- og EPP-v\u00e6rkt\u00f8j, dampkammer og alle typer forme, i topkvalitet. Vi gennemg\u00e5r v\u00e6rkt\u00f8jet og finder hurtigt ud af, hvad problemet er, s\u00e5 vi kan finde den rette l\u00f8sning p\u00e5 problemet.<\/p>\n<p>Vi er altid godt forberedte, s\u00e5 det eneste, du skal g\u00f8re, er at kontakte os, s\u00e5 vi kan hj\u00e6lpe med reparationerne. Du kan ringe til os eller skrive en mail, og her p\u00e5 hjemmesiden har du ogs\u00e5 mulighed for at bruge vores kontaktformular. Vi sidder altid klar til at hj\u00e6lpe vores kunder med b\u00e5de nyt EPS- og EPP-v\u00e6rkt\u00f8j samt service og reparationer.<\/p>\n<p>Er du i tvivl, om det kan betale sig at f\u00e5 repareret dine forme eller dit v\u00e6rkt\u00f8j? S\u00e5 tag endelig kontakt til os. Sammen finder vi den bedste l\u00f8sning p\u00e5 problemet, s\u00e5 du hurtigt kan anvende dit v\u00e6rkt\u00f8j eller dine forme igen. Vores m\u00e5l er at kunne tilbyde de bedste reparationer, service og r\u00e5dgivning til vores kunder.<\/p>\n<p>[\/et_pb_text][\/et_pb_column][\/et_pb_row][\/et_pb_section]<\/p>\n","protected":false},"excerpt":{"rendered":"<p>Service og reparationService og\u00a0reparationHar du f\u00e5et et EPS- eller EPP-v\u00e6rkt\u00f8j hos HJtools, og har du f\u00e5et problemer med det? Eller er det et helt andet v\u00e6rkt\u00f8j, du skal have lavet service eller reparation p\u00e5? S\u00e5 t\u00f8v endelig ikke med at kontakte os. Vi tilbyder nemlig ogs\u00e5 service og reparationer af EPS- og EPP-v\u00e6rkt\u00f8jer og forme. Vores v\u00e6rkt\u00f8jer og forme er i branchens bedste kvalitet, s\u00e5 de skulle gerne kunne holde l\u00e6nge. Det kr\u00e6ver dog alligevel service en gang imellem, og det st\u00e5r vi ogs\u00e5 gerne for. Vi har selv reservedele til de forme, som du skal bruge, s\u00e5 det er bestemt ikke noget problem.Reparation og service Baseret p\u00e5 faglig viden og stor erfaringVi har mere end 30 \u00e5rs erfaring i branchen, og derfor f\u00e5r du reparationer og service p\u00e5 dit EPS- og EPP-v\u00e6rkt\u00f8j, dampkammer og alle typer forme, i topkvalitet. Vi gennemg\u00e5r v\u00e6rkt\u00f8jet og finder hurtigt ud af, hvad problemet er, s\u00e5 vi kan finde den rette l\u00f8sning p\u00e5 problemet. Vi er altid godt forberedte, s\u00e5 det eneste, du skal g\u00f8re, er at kontakte os, s\u00e5 vi kan hj\u00e6lpe med reparationerne. Du kan ringe til os eller skrive en mail, og her p\u00e5 hjemmesiden har du ogs\u00e5 mulighed for at [&hellip;]<\/p>\n","protected":false},"author":1,"featured_media":0,"parent":0,"menu_order":0,"comment_status":"closed","ping_status":"closed","template":"","meta":{"_et_pb_use_builder":"on","_et_pb_old_content":"","_et_gb_content_width":"","footnotes":""},"class_list":["post-237342","page","type-page","status-publish","hentry"],"_links":{"self":[{"href":"https:\/\/hjtools.dk\/en\/wp-json\/wp\/v2\/pages\/237342","targetHints":{"allow":["GET"]}}],"collection":[{"href":"https:\/\/hjtools.dk\/en\/wp-json\/wp\/v2\/pages"}],"about":[{"href":"https:\/\/hjtools.dk\/en\/wp-json\/wp\/v2\/types\/page"}],"author":[{"embeddable":true,"href":"https:\/\/hjtools.dk\/en\/wp-json\/wp\/v2\/users\/1"}],"replies":[{"embeddable":true,"href":"https:\/\/hjtools.dk\/en\/wp-json\/wp\/v2\/comments?post=237342"}],"version-history":[{"count":10,"href":"https:\/\/hjtools.dk\/en\/wp-json\/wp\/v2\/pages\/237342\/revisions"}],"predecessor-version":[{"id":237612,"href":"https:\/\/hjtools.dk\/en\/wp-json\/wp\/v2\/pages\/237342\/revisions\/237612"}],"wp:attachment":[{"href":"https:\/\/hjtools.dk\/en\/wp-json\/wp\/v2\/media?parent=237342"}],"curies":[{"name":"wp","href":"https:\/\/api.w.org\/{rel}","templated":true}]}}