{"id":237338,"date":"2022-02-22T09:37:06","date_gmt":"2022-02-22T09:37:06","guid":{"rendered":"http:\/\/hjtools.dk\/?page_id=237338"},"modified":"2026-01-30T10:38:26","modified_gmt":"2026-01-30T10:38:26","slug":"eps-epp-vaerktoej","status":"publish","type":"page","link":"https:\/\/hjtools.dk\/en\/eps-epp-vaerktoej\/","title":{"rendered":"Manufacture of EPS &amp; EPP tools"},"content":{"rendered":"<p>[et_pb_section fb_built=&#8221;1&#8243; _builder_version=&#8221;4.16&#8243; use_background_color_gradient=&#8221;on&#8221; background_color_gradient_stops=&#8221;rgba(13,31,53,0.29) 0%|rgba(13,31,53,0.24) 100%&#8221; background_color_gradient_overlays_image=&#8221;on&#8221; background_color_gradient_start=&#8221;rgba(13,31,53,0.29)&#8221; background_color_gradient_end=&#8221;rgba(13,31,53,0.24)&#8221; background_image=&#8221;http:\/\/hjtools.dk\/wp-content\/uploads\/2022\/02\/MG_9980-scaled.jpg&#8221; custom_padding=&#8221;0px||66px||false|false&#8221; global_colors_info=&#8221;{}&#8221;][et_pb_row use_custom_gutter=&#8221;on&#8221; gutter_width=&#8221;2&#8243; make_equal=&#8221;on&#8221; custom_padding_last_edited=&#8221;on|phone&#8221; _builder_version=&#8221;4.16&#8243; width=&#8221;90%&#8221; width_tablet=&#8221;90%&#8221; width_phone=&#8221;90%&#8221; width_last_edited=&#8221;on|tablet&#8221; max_width=&#8221;1170px&#8221; max_width_tablet=&#8221;90%&#8221; max_width_phone=&#8221;90%&#8221; max_width_last_edited=&#8221;on|desktop&#8221; custom_padding=&#8221;11vh||0vh||false|false&#8221; custom_padding_tablet=&#8221;15vh||15vh||true|false&#8221; custom_padding_phone=&#8221;13vh||13vh||true|false&#8221; animation_style=&#8221;slide&#8221; animation_direction=&#8221;top&#8221; animation_duration=&#8221;1500ms&#8221; global_colors_info=&#8221;{}&#8221;][et_pb_column type=&#8221;4_4&#8243; _builder_version=&#8221;4.16&#8243; global_colors_info=&#8221;{}&#8221;][et_pb_text _builder_version=&#8221;4.16&#8243; header_font=&#8221;Bebas Neue||||||||&#8221; header_text_align=&#8221;left&#8221; header_text_color=&#8221;#FFFFFF&#8221; header_font_size=&#8221;95px&#8221; header_line_height=&#8221;95px&#8221; header_2_font=&#8221;Bebas Neue||||||||&#8221; header_2_text_align=&#8221;left&#8221; header_2_font_size=&#8221;95px&#8221; header_2_line_height=&#8221;95px&#8221; header_3_font=&#8221;Bebas Neue||||||||&#8221; header_3_text_align=&#8221;left&#8221; header_3_font_size=&#8221;95px&#8221; header_3_line_height=&#8221;95px&#8221; header_4_font=&#8221;Bebas Neue||||||||&#8221; header_4_text_align=&#8221;left&#8221; header_4_font_size=&#8221;95px&#8221; header_4_line_height=&#8221;95px&#8221; header_5_font=&#8221;Bebas Neue||||||||&#8221; header_5_text_align=&#8221;left&#8221; header_5_font_size=&#8221;95px&#8221; header_5_line_height=&#8221;95px&#8221; header_6_font=&#8221;Bebas Neue||||||||&#8221; header_6_text_align=&#8221;left&#8221; header_6_font_size=&#8221;95px&#8221; header_6_line_height=&#8221;95px&#8221; custom_margin=&#8221;25px||||false|false&#8221; custom_margin_tablet=&#8221;-10px||||false|false&#8221; custom_margin_phone=&#8221;-10px||||false|false&#8221; custom_margin_last_edited=&#8221;on|phone&#8221; global_colors_info=&#8221;{}&#8221;]<\/p>\n<h1>EPS og EPP v\u00e6rkt\u00f8j<\/h1>\n<p>[\/et_pb_text][\/et_pb_column][\/et_pb_row][\/et_pb_section][et_pb_section fb_built=&#8221;1&#8243; _builder_version=&#8221;4.16&#8243; background_color=&#8221;#FFFFFF&#8221; custom_padding=&#8221;1px||120px||false|false&#8221; global_colors_info=&#8221;{}&#8221;][et_pb_row column_structure=&#8221;1_2,1_2&#8243; use_custom_gutter=&#8221;on&#8221; gutter_width=&#8221;2&#8243; make_equal=&#8221;on&#8221; custom_padding_last_edited=&#8221;on|tablet&#8221; _builder_version=&#8221;4.22.1&#8243; width=&#8221;90%&#8221; width_tablet=&#8221;90%&#8221; width_phone=&#8221;90%&#8221; width_last_edited=&#8221;on|tablet&#8221; max_width=&#8221;1170px&#8221; max_width_tablet=&#8221;90%&#8221; max_width_phone=&#8221;90%&#8221; max_width_last_edited=&#8221;on|desktop&#8221; custom_padding=&#8221;120px||0px|||&#8221; custom_padding_tablet=&#8221;120px|35px|0px|35px|false|false&#8221; custom_padding_phone=&#8221;|0px||0px|false|false&#8221; hover_enabled=&#8221;0&#8243; global_colors_info=&#8221;{}&#8221; sticky_enabled=&#8221;0&#8243;][et_pb_column type=&#8221;1_2&#8243; _builder_version=&#8221;4.16&#8243; custom_padding=&#8221;||||false|false&#8221; custom_padding_tablet=&#8221;0px||35px||false|false&#8221; custom_padding_phone=&#8221;0px||0px||false|false&#8221; custom_padding_last_edited=&#8221;on|phone&#8221; hover_enabled=&#8221;0&#8243; global_colors_info=&#8221;{}&#8221; sticky_enabled=&#8221;0&#8243;][et_pb_text _builder_version=&#8221;4.16&#8243; header_3_font=&#8221;Bebas Neue||||||||&#8221; header_3_text_align=&#8221;left&#8221; header_3_text_color=&#8221;#282828&#8243; header_3_font_size=&#8221;60px&#8221; header_3_line_height=&#8221;1.1em&#8221; custom_margin_tablet=&#8221;-10px||||false|false&#8221; custom_margin_phone=&#8221;-10px||||false|false&#8221; custom_margin_last_edited=&#8221;on|phone&#8221; header_3_font_size_tablet=&#8221;&#8221; header_3_font_size_phone=&#8221;30px&#8221; header_3_font_size_last_edited=&#8221;on|phone&#8221; locked=&#8221;off&#8221; global_colors_info=&#8221;{}&#8221;]<\/p>\n<h3>Fremstilling af<br \/><span style=\"color: #2f2c82;\">EPS og EPP v\u00e6rkt\u00f8j<\/span><\/h3>\n<p>[\/et_pb_text][et_pb_text _builder_version=&#8221;4.16&#8243; text_font=&#8221;Rajdhani|500|||||||&#8221; text_text_color=&#8221;#282828&#8243; text_font_size=&#8221;18px&#8221; text_line_height=&#8221;29px&#8221; link_font=&#8221;|700|||||||&#8221; link_text_color=&#8221;#DD631A&#8221; max_width=&#8221;443px&#8221; module_alignment=&#8221;left&#8221; custom_margin=&#8221;-5px||||false|false&#8221; custom_margin_tablet=&#8221;-15px||||false|false&#8221; custom_margin_phone=&#8221;-15px||||false|false&#8221; custom_margin_last_edited=&#8221;on|phone&#8221; locked=&#8221;off&#8221; global_colors_info=&#8221;{}&#8221;]<\/p>\n<p>Hos <strong><a href=\"\/\">HJ Tools<\/a><\/strong> st\u00e5r vi klar til at hj\u00e6lpe dig med fremstilling af EPS og EPP v\u00e6rkt\u00f8j. Vi er specialister p\u00e5 omr\u00e5det og fremstiller EPS- og EPP-v\u00e6rkt\u00f8j i topkvalitet. Vi tilbyder et t\u00e6t samarbejde, s\u00e5 vores kunder kan f\u00e5 pr\u00e6cis den udformning, de \u00f8nsker.<\/p>\n<p>EPS og EPP v\u00e6rkt\u00f8j er blevet mere og mere popul\u00e6rt i branchen, og der er derfor ogs\u00e5 st\u00f8rre eftersp\u00f8rgsel p\u00e5 specialister inden for omr\u00e5det. Vores m\u00e5l er at kunne fremstille de bedste produkter til vores kunder, der passer til de krav og behov, som v\u00e6rkt\u00f8jet skal d\u00e6kke.<\/p>\n<p>[\/et_pb_text][\/et_pb_column][et_pb_column type=&#8221;1_2&#8243; _builder_version=&#8221;4.22.1&#8243; background_image=&#8221;http:\/\/hjtools.dk\/wp-content\/uploads\/2026\/01\/IMG_3112-1-scaled.jpeg&#8221; custom_padding_tablet=&#8221;&#8221; custom_padding_phone=&#8221;|35px||35px|false|true&#8221; custom_padding_last_edited=&#8221;on|phone&#8221; hover_enabled=&#8221;0&#8243; global_colors_info=&#8221;{}&#8221; background__hover_enabled=&#8221;off|desktop&#8221; title_text=&#8221;IMG_3112&#8243; sticky_enabled=&#8221;0&#8243;][\/et_pb_column][\/et_pb_row][et_pb_row column_structure=&#8221;1_2,1_2&#8243; use_custom_gutter=&#8221;on&#8221; gutter_width=&#8221;2&#8243; make_equal=&#8221;on&#8221; custom_padding_last_edited=&#8221;on|tablet&#8221; _builder_version=&#8221;4.16&#8243; width=&#8221;90%&#8221; width_tablet=&#8221;90%&#8221; width_phone=&#8221;90%&#8221; width_last_edited=&#8221;on|tablet&#8221; max_width=&#8221;1170px&#8221; max_width_tablet=&#8221;90%&#8221; max_width_phone=&#8221;90%&#8221; max_width_last_edited=&#8221;on|desktop&#8221; custom_padding=&#8221;120px||0px|||&#8221; custom_padding_tablet=&#8221;120px|35px|0px|35px|false|false&#8221; custom_padding_phone=&#8221;|0px||0px|false|false&#8221; global_colors_info=&#8221;{}&#8221;][et_pb_column type=&#8221;1_2&#8243; _builder_version=&#8221;4.16&#8243; background_image=&#8221;http:\/\/hjtools.dk\/wp-content\/uploads\/2022\/02\/MG_9778-scaled.jpg&#8221; custom_padding_tablet=&#8221;&#8221; custom_padding_phone=&#8221;|35px||35px|false|true&#8221; custom_padding_last_edited=&#8221;on|phone&#8221; global_colors_info=&#8221;{}&#8221;][\/et_pb_column][et_pb_column type=&#8221;1_2&#8243; _builder_version=&#8221;4.16&#8243; custom_padding=&#8221;||||false|false&#8221; custom_padding_tablet=&#8221;0px||35px||false|false&#8221; custom_padding_phone=&#8221;0px||0px||false|false&#8221; custom_padding_last_edited=&#8221;on|phone&#8221; global_colors_info=&#8221;{}&#8221;][et_pb_text _builder_version=&#8221;4.16&#8243; header_3_font=&#8221;Bebas Neue||||||||&#8221; header_3_text_align=&#8221;left&#8221; header_3_text_color=&#8221;#282828&#8243; header_3_font_size=&#8221;60px&#8221; header_3_line_height=&#8221;1.1em&#8221; custom_margin_tablet=&#8221;-10px||||false|false&#8221; custom_margin_phone=&#8221;-10px||||false|false&#8221; custom_margin_last_edited=&#8221;on|phone&#8221; header_3_font_size_tablet=&#8221;&#8221; header_3_font_size_phone=&#8221;30px&#8221; header_3_font_size_last_edited=&#8221;on|phone&#8221; locked=&#8221;off&#8221; global_colors_info=&#8221;{}&#8221;]<\/p>\n<h3>Specialister i <br \/><span style=\"color: #2f2c82;\">EPS og EPP-v\u00e6rkt\u00f8j<br \/><\/span><\/h3>\n<p>[\/et_pb_text][et_pb_text _builder_version=&#8221;4.16&#8243; text_font=&#8221;Rajdhani|500|||||||&#8221; text_text_color=&#8221;#282828&#8243; text_font_size=&#8221;18px&#8221; text_line_height=&#8221;29px&#8221; link_font=&#8221;|700|||||||&#8221; link_text_color=&#8221;#DD631A&#8221; max_width=&#8221;443px&#8221; module_alignment=&#8221;left&#8221; custom_margin=&#8221;-5px||||false|false&#8221; custom_margin_tablet=&#8221;-15px||||false|false&#8221; custom_margin_phone=&#8221;-15px||||false|false&#8221; custom_margin_last_edited=&#8221;on|phone&#8221; locked=&#8221;off&#8221; global_colors_info=&#8221;{}&#8221;]<\/p>\n<p>Hos os g\u00e5r det hurtigt fra id\u00e9 til produktion, og hos os er topkvalitet og hurtig levering i h\u00f8js\u00e6det. Derfor skal vores kunder ikke vente l\u00e6nge p\u00e5 at f\u00e5 netop det produkt, de leder efter. Med mere end 30 \u00e5rs erfaring i branchen er vi absolut specialister inden for fremstilling af EPS- og EPP-v\u00e6rkt\u00f8j.<\/p>\n<p>Vi fremstiller forskellige former for v\u00e6rkt\u00f8j til EPS og EPP. Der er masser af muligheder, n\u00e5r det kommer til fremstilling af EPS og EPP v\u00e6rkt\u00f8j. V\u00e6rkt\u00f8jet er blandt andet st\u00f8dabsorberende, har en lav v\u00e6gt, er kemisk inaktiv, hygiejnisk og meget mere. EPS kan anvendes i temperaturer helt ned til minus 180 grader og op til 80 grader celsius. Der er derfor mange fordele ved at fremstille v\u00e6rkt\u00f8j i EPS og EPP.\u00a0\u00a0<\/p>\n<p>Vi st\u00e5r klar til at hj\u00e6lpe dig med de bedste l\u00f8sninger p\u00e5 markedet. Derfor kan du altid kontakte os for at f\u00e5 mere information om vores produkter og l\u00f8sninger. Kontakt os allerede i dag, s\u00e5 vi kan give dig et godt tilbud.<\/p>\n<p>[\/et_pb_text][\/et_pb_column][\/et_pb_row][\/et_pb_section]<\/p>\n","protected":false},"excerpt":{"rendered":"<p>EPS og EPP v\u00e6rkt\u00f8jFremstilling afEPS og EPP v\u00e6rkt\u00f8jHos HJ Tools st\u00e5r vi klar til at hj\u00e6lpe dig med fremstilling af EPS og EPP v\u00e6rkt\u00f8j. Vi er specialister p\u00e5 omr\u00e5det og fremstiller EPS- og EPP-v\u00e6rkt\u00f8j i topkvalitet. Vi tilbyder et t\u00e6t samarbejde, s\u00e5 vores kunder kan f\u00e5 pr\u00e6cis den udformning, de \u00f8nsker. EPS og EPP v\u00e6rkt\u00f8j er blevet mere og mere popul\u00e6rt i branchen, og der er derfor ogs\u00e5 st\u00f8rre eftersp\u00f8rgsel p\u00e5 specialister inden for omr\u00e5det. Vores m\u00e5l er at kunne fremstille de bedste produkter til vores kunder, der passer til de krav og behov, som v\u00e6rkt\u00f8jet skal d\u00e6kke.Specialister i EPS og EPP-v\u00e6rkt\u00f8jHos os g\u00e5r det hurtigt fra id\u00e9 til produktion, og hos os er topkvalitet og hurtig levering i h\u00f8js\u00e6det. Derfor skal vores kunder ikke vente l\u00e6nge p\u00e5 at f\u00e5 netop det produkt, de leder efter. Med mere end 30 \u00e5rs erfaring i branchen er vi absolut specialister inden for fremstilling af EPS- og EPP-v\u00e6rkt\u00f8j. Vi fremstiller forskellige former for v\u00e6rkt\u00f8j til EPS og EPP. Der er masser af muligheder, n\u00e5r det kommer til fremstilling af EPS og EPP v\u00e6rkt\u00f8j. V\u00e6rkt\u00f8jet er blandt andet st\u00f8dabsorberende, har en lav v\u00e6gt, er kemisk inaktiv, hygiejnisk og meget mere. EPS kan anvendes i [&hellip;]<\/p>\n","protected":false},"author":1,"featured_media":0,"parent":0,"menu_order":0,"comment_status":"closed","ping_status":"closed","template":"","meta":{"_et_pb_use_builder":"on","_et_pb_old_content":"","_et_gb_content_width":"","footnotes":""},"class_list":["post-237338","page","type-page","status-publish","hentry"],"_links":{"self":[{"href":"https:\/\/hjtools.dk\/en\/wp-json\/wp\/v2\/pages\/237338","targetHints":{"allow":["GET"]}}],"collection":[{"href":"https:\/\/hjtools.dk\/en\/wp-json\/wp\/v2\/pages"}],"about":[{"href":"https:\/\/hjtools.dk\/en\/wp-json\/wp\/v2\/types\/page"}],"author":[{"embeddable":true,"href":"https:\/\/hjtools.dk\/en\/wp-json\/wp\/v2\/users\/1"}],"replies":[{"embeddable":true,"href":"https:\/\/hjtools.dk\/en\/wp-json\/wp\/v2\/comments?post=237338"}],"version-history":[{"count":11,"href":"https:\/\/hjtools.dk\/en\/wp-json\/wp\/v2\/pages\/237338\/revisions"}],"predecessor-version":[{"id":237616,"href":"https:\/\/hjtools.dk\/en\/wp-json\/wp\/v2\/pages\/237338\/revisions\/237616"}],"wp:attachment":[{"href":"https:\/\/hjtools.dk\/en\/wp-json\/wp\/v2\/media?parent=237338"}],"curies":[{"name":"wp","href":"https:\/\/api.w.org\/{rel}","templated":true}]}}